{"id":1857,"date":"2024-05-29T10:38:21","date_gmt":"2024-05-29T10:38:21","guid":{"rendered":"https:\/\/ore.fundacion-sm.org\/erebarometro\/"},"modified":"2025-02-24T18:52:41","modified_gmt":"2025-02-24T18:52:41","slug":"erebarometro","status":"publish","type":"page","link":"https:\/\/ore.fundacion-sm.org\/pt-br\/erebarometro\/","title":{"rendered":"EREBar\u00f4metro"},"content":{"rendered":"\t\t<div data-elementor-type=\"wp-page\" data-elementor-id=\"1857\" class=\"elementor elementor-1857 elementor-1655\" data-elementor-post-type=\"page\">\n\t\t\t\t\t\t<section class=\"elementor-section elementor-top-section elementor-element elementor-element-6f18584 elementor-section-boxed elementor-section-height-default elementor-section-height-default\" data-id=\"6f18584\" data-element_type=\"section\">\n\t\t\t\t\t\t<div class=\"elementor-container elementor-column-gap-default\">\n\t\t\t\t\t<div class=\"elementor-column elementor-col-100 elementor-top-column elementor-element elementor-element-7635c47\" data-id=\"7635c47\" data-element_type=\"column\">\n\t\t\t<div class=\"elementor-widget-wrap elementor-element-populated\">\n\t\t\t\t\t\t<div class=\"elementor-element elementor-element-79c2c00 elementor-widget elementor-widget-bloque-cabecera-menu\" data-id=\"79c2c00\" data-element_type=\"widget\" data-widget_type=\"bloque-cabecera-menu.default\">\n\t\t\t\t<div class=\"elementor-widget-container\">\n\t\t\t\t\t<header class=\"header normal\">\n    <div id=\"sticky_header\" class=\"no-sticky\">\n        <div class=\"container\">\n            <div class=\"row\">\n                <div class=\"col-12 d-flex justify-content-between align-items-center\">\n                    <div class=\"logo \">\n                        <a href=\"https:\/\/ore.fundacion-sm.org\/pt-br\/\" class=\"custom-logo-link\" rel=\"home\"><img fetchpriority=\"high\" decoding=\"async\" width=\"560\" height=\"112\" src=\"https:\/\/ore.fundacion-sm.org\/wp-content\/uploads\/sites\/2\/2025\/03\/logotipo-portugues.png\" class=\"custom-logo\" alt=\"Logotipo Observat\u00f3rio da Religi\u00e3o na Escola, ORE.\" srcset=\"https:\/\/ore.fundacion-sm.org\/wp-content\/uploads\/sites\/2\/2025\/03\/logotipo-portugues.png 560w, https:\/\/ore.fundacion-sm.org\/wp-content\/uploads\/sites\/2\/2025\/03\/logotipo-portugues-300x60.png 300w\" sizes=\"(max-width: 560px) 100vw, 560px\" \/><\/a>                                            <\/div>\n                    <div class=\"menu-header\">\n                        \n\n                        \n                                                <div id=\"nav-menu\" data-target=\"#main_menu\" data-toggle=\"collapse\" class=\"navbar-toggle openMenu\">\n                          <span><\/span>\n                          <span><\/span>\n                          <span><\/span>\n                          <span><\/span>\n                        <\/div>\n                                            <\/div>\n                                            <!-- MEGAMENU -->\n                        <div class=\"megamenu\">\n                            <div class=\"container\">\n                            <div id=\"cerrarmenu\" class=\"boton-cerrar\"><i class=\"fal fa-times\"><\/i><\/div>\n                            <ul id=\"menu-principal-portugues-brasil\" class=\"dropdown-menu\" itemscope itemtype=\"http:\/\/www.schema.org\/SiteNavigationElement\"><li  id=\"menu-item-306\" class=\"menu-item menu-item-type-post_type menu-item-object-page menu-item-306 nav-item\"><a itemprop=\"url\" href=\"https:\/\/ore.fundacion-sm.org\/pt-br\/quem-somos\/\" class=\"nav-link\"><span itemprop=\"name\">Quem somos<\/span><\/a><\/li>\n<li  id=\"menu-item-307\" class=\"menu-item menu-item-type-post_type menu-item-object-page menu-item-307 nav-item\"><a itemprop=\"url\" href=\"https:\/\/ore.fundacion-sm.org\/pt-br\/inspiracao\/\" class=\"nav-link\"><span itemprop=\"name\">Inspira\u00e7\u00e3o<\/span><\/a><\/li>\n<li  id=\"menu-item-308\" class=\"menu-item menu-item-type-post_type menu-item-object-page menu-item-308 nav-item\"><a itemprop=\"url\" href=\"https:\/\/ore.fundacion-sm.org\/pt-br\/a-religiao-na-escola\/\" class=\"nav-link\"><span itemprop=\"name\">A religi\u00e3o na escola<\/span><\/a><\/li>\n<li  id=\"menu-item-309\" class=\"menu-item menu-item-type-taxonomy menu-item-object-category menu-item-309 nav-item\"><a itemprop=\"url\" href=\"https:\/\/ore.fundacion-sm.org\/pt-br\/noticias-pt-br\/\" class=\"nav-link\"><span itemprop=\"name\">Not\u00edcias<\/span><\/a><\/li>\n<li  id=\"menu-item-310\" class=\"menu-item menu-item-type-taxonomy menu-item-object-category menu-item-310 nav-item\"><a itemprop=\"url\" href=\"https:\/\/ore.fundacion-sm.org\/pt-br\/estudos\/\" class=\"nav-link\"><span itemprop=\"name\">Estudos<\/span><\/a><\/li>\n<li  id=\"menu-item-311\" class=\"menu-item menu-item-type-post_type menu-item-object-page menu-item-311 nav-item\"><a itemprop=\"url\" href=\"https:\/\/ore.fundacion-sm.org\/pt-br\/contato\/\" class=\"nav-link\"><span itemprop=\"name\">Contato<\/span><\/a><\/li>\n<li  id=\"menu-item-wpml-ls-17-es\" class=\"menu-item wpml-ls-slot-17 wpml-ls-item wpml-ls-item-es wpml-ls-menu-item wpml-ls-first-item wpml-ls-last-item menu-item-type-wpml_ls_menu_item menu-item-object-wpml_ls_menu_item menu-item-wpml-ls-17-es nav-item\"><a title=\"Mudar para Espa\u00f1ol\" itemprop=\"url\" href=\"https:\/\/ore.fundacion-sm.org\/\" class=\"nav-link\" aria-label=\"Mudar para Espa\u00f1ol\" role=\"menuitem\"><span itemprop=\"name\"><span class=\"wpml-ls-native\" lang=\"es\">Espa\u00f1ol<\/span><\/span><\/a><\/li>\n<\/ul>                            <\/div>\n                        <\/div>\n                                    <\/div>\n            <\/div>    \n        <\/div>\n            <\/div>\n<\/header>\t\t\t\t<\/div>\n\t\t\t\t<\/div>\n\t\t\t\t<div class=\"elementor-element elementor-element-c9f3028 elementor-widget elementor-widget-bloque-imagen-centrada\" data-id=\"c9f3028\" data-element_type=\"widget\" data-widget_type=\"bloque-imagen-centrada.default\">\n\t\t\t\t<div class=\"elementor-widget-container\">\n\t\t\t\t\t<!-- Bloque contenidos: Imagen bloque-imagen-centrada -->\n<section class=\"bloque bloque-imagen-centrada  \">\n    <div class=\"container\">\n                                <div class=\"estrecho\">\n            <div class=\"row\">\n                <div class=\"col-12\">\n                    <figure class=\"figure imagen2\">\n                        <div class=\"image\" data-aos=\"fade-up\" data-aos-delay=\"800\" data-aos-duration=\"1200\">\n                                                        <img decoding=\"async\" src=\"https:\/\/ore.fundacion-sm.org\/wp-content\/uploads\/sites\/2\/2024\/05\/Haz-el-EREBarometro-1.png\" class=\"figure-img img-fluid \" alt=\"\">\n                                                        <\/a>\n                                \n                        <\/div>\n                                            <\/figure>\n                <\/div>\n            <\/div>\n        <\/div>\n    <\/div>\n    <\/section>\t\t\t\t<\/div>\n\t\t\t\t<\/div>\n\t\t\t\t<div class=\"elementor-element elementor-element-5a202cd elementor-widget elementor-widget-bloque-texto\" data-id=\"5a202cd\" data-element_type=\"widget\" data-widget_type=\"bloque-texto.default\">\n\t\t\t\t<div class=\"elementor-widget-container\">\n\t\t\t\t\t<!-- Texto a 2 columnas-->\n<section class=\"bloque bloque-texto  mb-0\">\n    <div class=\"container\">\n                <div class=\"subtitulos\" data-aos=\"fade-left\" data-aos-duration=\"700\"><p><strong>Objetivos<\/strong><\/p><\/div>\n                <div class=\"estrecho2\">\n            <div class=\"row\">\n                <div class=\"col-sm-12\">\n                    <div class=\"the_content\" data-aos=\"fade-up\" data-aos-duration=\"700\">\n                        <ul>\n<li>O III Semin\u00e1rio do ORE j\u00e1 analisou o impacto da LOMLOE no ERE, tanto na sua nova regulamenta\u00e7\u00e3o como nas novas grades curriculares.<\/li>\n<li>Para completar esse balan\u00e7o, demos voz aos professores de Ensino Religioso, das diversas religi\u00f5es, com esta pesquisa que inaugura o EREbar\u00f4metro do ORE. Primeiro perguntamos sobre a LOMLOE, de forma geral, e depois sobre o ensino das religi\u00f5es, sua regulamenta\u00e7\u00e3o e grades curriculares.\u00a0<\/li>\n<li>Abrimos esse balan\u00e7o aos professores de diversas religi\u00f5es, por meio de uma pesquisa, para realizar uma avalia\u00e7\u00e3o mais completa do impacto da LOMLOE sobre o ERE.<\/li>\n<\/ul>\n                    <\/div>\n                <\/div>\n            <\/div>\n        <\/div>\n    <\/div>\n<\/section>\t\t\t\t<\/div>\n\t\t\t\t<\/div>\n\t\t\t\t<div class=\"elementor-element elementor-element-c02acd1 elementor-widget elementor-widget-bloque-botonera-publicaciones\" data-id=\"c02acd1\" data-element_type=\"widget\" data-widget_type=\"bloque-botonera-publicaciones.default\">\n\t\t\t\t<div class=\"elementor-widget-container\">\n\t\t\t\t\t\n<!-- Bloque Botonera publicaciones -->\n<section class=\"bloque bloque-anclas  \">\n    <div class=\"container\">\n        <div class=\"estrecho2\">\n            <div class=\"row\">\n                <div class=\"col-sm-12\">\n                    <div class=\"anclas\" data-aos=\"fade\" data-aos-duration=\"700\">\n                                                <a class=\"btn btn-primary\"  href=\"https:\/\/encuesta.com\/survey\/Oe7elCBJDj\/erebarometro\" target=\"_blank\" title=\"Fa\u00e7a o EREBar\u00f4metro\">Fa\u00e7a o EREBar\u00f4metro <i aria-hidden=\"true\" class=\"fas fa-long-arrow-alt-right\"><\/i><\/a>\n                                                                                                                                            <\/div>\n                <\/div>\n            <\/div>\n        <\/div>\n    <\/div>\n<\/section>\n\n\n\t\t\t\t<\/div>\n\t\t\t\t<\/div>\n\t\t\t\t\t<\/div>\n\t\t<\/div>\n\t\t\t\t\t<\/div>\n\t\t<\/section>\n\t\t\t\t<\/div>\n\t\t","protected":false},"excerpt":{"rendered":"<p>Quem somos Inspira\u00e7\u00e3o A religi\u00e3o na escola Not\u00edcias Estudos Contato Objetivos O III Semin\u00e1rio do ORE j\u00e1 analisou o impacto da LOMLOE no ERE, tanto na sua nova regulamenta\u00e7\u00e3o como nas novas grades curriculares. Para completar esse balan\u00e7o, demos voz aos professores de Ensino Religioso, das diversas religi\u00f5es, com esta pesquisa que inaugura o EREbar\u00f4metro [&hellip;]<\/p>\n","protected":false},"author":7,"featured_media":0,"parent":0,"menu_order":10,"comment_status":"closed","ping_status":"closed","template":"","meta":{"_acf_changed":false,"footnotes":""},"class_list":["post-1857","page","type-page","status-publish","hentry"],"acf":[],"yoast_head":"<!-- This site is optimized with the Yoast SEO plugin v26.7 - https:\/\/yoast.com\/wordpress\/plugins\/seo\/ -->\n<title>EREBar\u00f4metro - Observat\u00f3rio da Religi\u00e3o na Escola (ORE)<\/title>\n<meta name=\"description\" content=\"Quem somos Inspira\u00e7\u00e3o A religi\u00e3o na escola Not\u00edcias Estudos Contato Objetivos O III Semin\u00e1rio do ORE j\u00e1 analisou o impacto da LOMLOE no ERE, tanto na sua\" \/>\n<meta name=\"robots\" content=\"index, follow, max-snippet:-1, max-image-preview:large, max-video-preview:-1\" \/>\n<link rel=\"canonical\" href=\"https:\/\/ore.fundacion-sm.org\/pt-br\/erebarometro\/\" \/>\n<meta property=\"og:locale\" content=\"pt_BR\" \/>\n<meta property=\"og:type\" content=\"article\" \/>\n<meta property=\"og:title\" content=\"EREBar\u00f4metro - Observat\u00f3rio da Religi\u00e3o na Escola (ORE)\" \/>\n<meta property=\"og:description\" content=\"Quem somos Inspira\u00e7\u00e3o A religi\u00e3o na escola Not\u00edcias Estudos Contato Objetivos O III Semin\u00e1rio do ORE j\u00e1 analisou o impacto da LOMLOE no ERE, tanto na sua\" \/>\n<meta property=\"og:url\" content=\"https:\/\/ore.fundacion-sm.org\/pt-br\/erebarometro\/\" \/>\n<meta property=\"og:site_name\" content=\"Observat\u00f3rio da Religi\u00e3o na Escola (ORE)\" \/>\n<meta property=\"article:modified_time\" content=\"2025-02-24T18:52:41+00:00\" \/>\n<meta property=\"og:image\" content=\"https:\/\/ore.fundacion-sm.org\/wp-content\/uploads\/sites\/2\/2023\/11\/logo-ORE.png\" \/>\n<meta name=\"twitter:card\" content=\"summary_large_image\" \/>\n<script type=\"application\/ld+json\" class=\"yoast-schema-graph\">{\"@context\":\"https:\/\/schema.org\",\"@graph\":[{\"@type\":\"WebPage\",\"@id\":\"https:\/\/ore.fundacion-sm.org\/pt-br\/erebarometro\/\",\"url\":\"https:\/\/ore.fundacion-sm.org\/pt-br\/erebarometro\/\",\"name\":\"EREBar\u00f4metro - Observat\u00f3rio da Religi\u00e3o na Escola (ORE)\",\"isPartOf\":{\"@id\":\"https:\/\/ore.fundacion-sm.org\/pt-br\/#website\"},\"primaryImageOfPage\":{\"@id\":\"https:\/\/ore.fundacion-sm.org\/pt-br\/erebarometro\/#primaryimage\"},\"image\":{\"@id\":\"https:\/\/ore.fundacion-sm.org\/pt-br\/erebarometro\/#primaryimage\"},\"thumbnailUrl\":\"https:\/\/ore.fundacion-sm.org\/wp-content\/uploads\/sites\/2\/2023\/11\/logo-ORE.png\",\"datePublished\":\"2024-05-29T10:38:21+00:00\",\"dateModified\":\"2025-02-24T18:52:41+00:00\",\"description\":\"Quem somos Inspira\u00e7\u00e3o A religi\u00e3o na escola Not\u00edcias Estudos Contato Objetivos O III Semin\u00e1rio do ORE j\u00e1 analisou o impacto da LOMLOE no ERE, tanto na sua\",\"breadcrumb\":{\"@id\":\"https:\/\/ore.fundacion-sm.org\/pt-br\/erebarometro\/#breadcrumb\"},\"inLanguage\":\"pt-BR\",\"potentialAction\":[{\"@type\":\"ReadAction\",\"target\":[\"https:\/\/ore.fundacion-sm.org\/pt-br\/erebarometro\/\"]}]},{\"@type\":\"ImageObject\",\"inLanguage\":\"pt-BR\",\"@id\":\"https:\/\/ore.fundacion-sm.org\/pt-br\/erebarometro\/#primaryimage\",\"url\":\"https:\/\/ore.fundacion-sm.org\/wp-content\/uploads\/sites\/2\/2023\/11\/logo-ORE.png\",\"contentUrl\":\"https:\/\/ore.fundacion-sm.org\/wp-content\/uploads\/sites\/2\/2023\/11\/logo-ORE.png\"},{\"@type\":\"BreadcrumbList\",\"@id\":\"https:\/\/ore.fundacion-sm.org\/pt-br\/erebarometro\/#breadcrumb\",\"itemListElement\":[{\"@type\":\"ListItem\",\"position\":1,\"name\":\"In\u00edcio\",\"item\":\"https:\/\/ore.fundacion-sm.org\/pt-br\/\"},{\"@type\":\"ListItem\",\"position\":2,\"name\":\"EREBar\u00f4metro\"}]},{\"@type\":\"WebSite\",\"@id\":\"https:\/\/ore.fundacion-sm.org\/pt-br\/#website\",\"url\":\"https:\/\/ore.fundacion-sm.org\/pt-br\/\",\"name\":\"Observat\u00f3rio da Religi\u00e3o na Escola (ORE)\",\"description\":\"Fundaci\u00f3n SM\",\"publisher\":{\"@id\":\"https:\/\/ore.fundacion-sm.org\/pt-br\/#organization\"},\"alternateName\":\"ORE\",\"potentialAction\":[{\"@type\":\"SearchAction\",\"target\":{\"@type\":\"EntryPoint\",\"urlTemplate\":\"https:\/\/ore.fundacion-sm.org\/pt-br\/?s={search_term_string}\"},\"query-input\":{\"@type\":\"PropertyValueSpecification\",\"valueRequired\":true,\"valueName\":\"search_term_string\"}}],\"inLanguage\":\"pt-BR\"},{\"@type\":\"Organization\",\"@id\":\"https:\/\/ore.fundacion-sm.org\/pt-br\/#organization\",\"name\":\"Fundaci\u00f3n SM\",\"url\":\"https:\/\/ore.fundacion-sm.org\/pt-br\/\",\"logo\":{\"@type\":\"ImageObject\",\"inLanguage\":\"pt-BR\",\"@id\":\"https:\/\/ore.fundacion-sm.org\/pt-br\/#\/schema\/logo\/image\/\",\"url\":\"https:\/\/ore.fundacion-sm.org\/wp-content\/uploads\/sites\/2\/2023\/10\/logotipo-fundacion-sm.png\",\"contentUrl\":\"https:\/\/ore.fundacion-sm.org\/wp-content\/uploads\/sites\/2\/2023\/10\/logotipo-fundacion-sm.png\",\"width\":447,\"height\":85,\"caption\":\"Fundaci\u00f3n SM\"},\"image\":{\"@id\":\"https:\/\/ore.fundacion-sm.org\/pt-br\/#\/schema\/logo\/image\/\"}}]}<\/script>\n<!-- \/ Yoast SEO plugin. -->","yoast_head_json":{"title":"EREBar\u00f4metro - Observat\u00f3rio da Religi\u00e3o na Escola (ORE)","description":"Quem somos Inspira\u00e7\u00e3o A religi\u00e3o na escola Not\u00edcias Estudos Contato Objetivos O III Semin\u00e1rio do ORE j\u00e1 analisou o impacto da LOMLOE no ERE, tanto na sua","robots":{"index":"index","follow":"follow","max-snippet":"max-snippet:-1","max-image-preview":"max-image-preview:large","max-video-preview":"max-video-preview:-1"},"canonical":"https:\/\/ore.fundacion-sm.org\/pt-br\/erebarometro\/","og_locale":"pt_BR","og_type":"article","og_title":"EREBar\u00f4metro - Observat\u00f3rio da Religi\u00e3o na Escola (ORE)","og_description":"Quem somos Inspira\u00e7\u00e3o A religi\u00e3o na escola Not\u00edcias Estudos Contato Objetivos O III Semin\u00e1rio do ORE j\u00e1 analisou o impacto da LOMLOE no ERE, tanto na sua","og_url":"https:\/\/ore.fundacion-sm.org\/pt-br\/erebarometro\/","og_site_name":"Observat\u00f3rio da Religi\u00e3o na Escola (ORE)","article_modified_time":"2025-02-24T18:52:41+00:00","og_image":[{"url":"https:\/\/ore.fundacion-sm.org\/wp-content\/uploads\/sites\/2\/2023\/11\/logo-ORE.png","type":"","width":"","height":""}],"twitter_card":"summary_large_image","schema":{"@context":"https:\/\/schema.org","@graph":[{"@type":"WebPage","@id":"https:\/\/ore.fundacion-sm.org\/pt-br\/erebarometro\/","url":"https:\/\/ore.fundacion-sm.org\/pt-br\/erebarometro\/","name":"EREBar\u00f4metro - Observat\u00f3rio da Religi\u00e3o na Escola (ORE)","isPartOf":{"@id":"https:\/\/ore.fundacion-sm.org\/pt-br\/#website"},"primaryImageOfPage":{"@id":"https:\/\/ore.fundacion-sm.org\/pt-br\/erebarometro\/#primaryimage"},"image":{"@id":"https:\/\/ore.fundacion-sm.org\/pt-br\/erebarometro\/#primaryimage"},"thumbnailUrl":"https:\/\/ore.fundacion-sm.org\/wp-content\/uploads\/sites\/2\/2023\/11\/logo-ORE.png","datePublished":"2024-05-29T10:38:21+00:00","dateModified":"2025-02-24T18:52:41+00:00","description":"Quem somos Inspira\u00e7\u00e3o A religi\u00e3o na escola Not\u00edcias Estudos Contato Objetivos O III Semin\u00e1rio do ORE j\u00e1 analisou o impacto da LOMLOE no ERE, tanto na sua","breadcrumb":{"@id":"https:\/\/ore.fundacion-sm.org\/pt-br\/erebarometro\/#breadcrumb"},"inLanguage":"pt-BR","potentialAction":[{"@type":"ReadAction","target":["https:\/\/ore.fundacion-sm.org\/pt-br\/erebarometro\/"]}]},{"@type":"ImageObject","inLanguage":"pt-BR","@id":"https:\/\/ore.fundacion-sm.org\/pt-br\/erebarometro\/#primaryimage","url":"https:\/\/ore.fundacion-sm.org\/wp-content\/uploads\/sites\/2\/2023\/11\/logo-ORE.png","contentUrl":"https:\/\/ore.fundacion-sm.org\/wp-content\/uploads\/sites\/2\/2023\/11\/logo-ORE.png"},{"@type":"BreadcrumbList","@id":"https:\/\/ore.fundacion-sm.org\/pt-br\/erebarometro\/#breadcrumb","itemListElement":[{"@type":"ListItem","position":1,"name":"In\u00edcio","item":"https:\/\/ore.fundacion-sm.org\/pt-br\/"},{"@type":"ListItem","position":2,"name":"EREBar\u00f4metro"}]},{"@type":"WebSite","@id":"https:\/\/ore.fundacion-sm.org\/pt-br\/#website","url":"https:\/\/ore.fundacion-sm.org\/pt-br\/","name":"Observat\u00f3rio da Religi\u00e3o na Escola (ORE)","description":"Fundaci\u00f3n SM","publisher":{"@id":"https:\/\/ore.fundacion-sm.org\/pt-br\/#organization"},"alternateName":"ORE","potentialAction":[{"@type":"SearchAction","target":{"@type":"EntryPoint","urlTemplate":"https:\/\/ore.fundacion-sm.org\/pt-br\/?s={search_term_string}"},"query-input":{"@type":"PropertyValueSpecification","valueRequired":true,"valueName":"search_term_string"}}],"inLanguage":"pt-BR"},{"@type":"Organization","@id":"https:\/\/ore.fundacion-sm.org\/pt-br\/#organization","name":"Fundaci\u00f3n SM","url":"https:\/\/ore.fundacion-sm.org\/pt-br\/","logo":{"@type":"ImageObject","inLanguage":"pt-BR","@id":"https:\/\/ore.fundacion-sm.org\/pt-br\/#\/schema\/logo\/image\/","url":"https:\/\/ore.fundacion-sm.org\/wp-content\/uploads\/sites\/2\/2023\/10\/logotipo-fundacion-sm.png","contentUrl":"https:\/\/ore.fundacion-sm.org\/wp-content\/uploads\/sites\/2\/2023\/10\/logotipo-fundacion-sm.png","width":447,"height":85,"caption":"Fundaci\u00f3n SM"},"image":{"@id":"https:\/\/ore.fundacion-sm.org\/pt-br\/#\/schema\/logo\/image\/"}}]}},"_links":{"self":[{"href":"https:\/\/ore.fundacion-sm.org\/pt-br\/wp-json\/wp\/v2\/pages\/1857","targetHints":{"allow":["GET"]}}],"collection":[{"href":"https:\/\/ore.fundacion-sm.org\/pt-br\/wp-json\/wp\/v2\/pages"}],"about":[{"href":"https:\/\/ore.fundacion-sm.org\/pt-br\/wp-json\/wp\/v2\/types\/page"}],"author":[{"embeddable":true,"href":"https:\/\/ore.fundacion-sm.org\/pt-br\/wp-json\/wp\/v2\/users\/7"}],"replies":[{"embeddable":true,"href":"https:\/\/ore.fundacion-sm.org\/pt-br\/wp-json\/wp\/v2\/comments?post=1857"}],"version-history":[{"count":7,"href":"https:\/\/ore.fundacion-sm.org\/pt-br\/wp-json\/wp\/v2\/pages\/1857\/revisions"}],"predecessor-version":[{"id":2099,"href":"https:\/\/ore.fundacion-sm.org\/pt-br\/wp-json\/wp\/v2\/pages\/1857\/revisions\/2099"}],"wp:attachment":[{"href":"https:\/\/ore.fundacion-sm.org\/pt-br\/wp-json\/wp\/v2\/media?parent=1857"}],"curies":[{"name":"wp","href":"https:\/\/api.w.org\/{rel}","templated":true}]}}